{"id":783,"date":"2021-11-30T23:22:11","date_gmt":"2021-11-30T22:22:11","guid":{"rendered":"http:\/\/dev.eventtor.pl\/?page_id=783"},"modified":"2022-07-26T13:31:34","modified_gmt":"2022-07-26T11:31:34","slug":"katalog","status":"publish","type":"page","link":"https:\/\/eventtor.pl\/index.php\/katalog\/","title":{"rendered":"Katalog"},"content":{"rendered":"<p>[vc_row][vc_column][vc_row_inner css=&#8221;.vc_custom_1638314113064{margin-bottom: 5px !important;border-bottom-width: 1px !important;padding-bottom: 5px !important;border-bottom-color: #c1c1c1 !important;border-bottom-style: solid !important;}&#8221;][vc_column_inner width=&#8221;1\/4&#8243;][vc_column_text]<\/p>\n<h4><strong>NAMIOTY<\/strong><\/h4>\n<p>[\/vc_column_text][\/vc_column_inner][vc_column_inner width=&#8221;1\/4&#8243;][vc_column_text]<strong>SPECYFIKACJA<\/strong>[\/vc_column_text][\/vc_column_inner][vc_column_inner width=&#8221;1\/4&#8243;][\/vc_column_inner][vc_column_inner width=&#8221;1\/4&#8243;][vc_column_text]<strong>ZDJ\u0118CIE<\/strong>[\/vc_column_text][\/vc_column_inner][\/vc_row_inner][vc_row_inner css=&#8221;.vc_custom_1638314816435{margin-top: 20px !important;margin-bottom: 20px !important;}&#8221;][vc_column_inner width=&#8221;1\/4&#8243;][vc_column_text]<\/p>\n<h6><strong>Namiot typu gwiazda<\/strong><\/h6>\n<p>[\/vc_column_text][\/vc_column_inner][vc_column_inner width=&#8221;1\/4&#8243;][vc_column_text]Wymiary:\u00a010 x 14 m[\/vc_column_text][\/vc_column_inner][vc_column_inner width=&#8221;1\/4&#8243;][vc_column_text][\/vc_column_text][\/vc_column_inner][vc_column_inner width=&#8221;1\/4&#8243;]<div class=\"grve-element grve-single-icon grve-align-left grve-small\" style=\"\"><a href=\"https:\/\/eventtor.pl\/wp-content\/uploads\/2022\/04\/namiot-gwiazda.jpg\">  <div class=\"grve-wrapper-icon grve-no-shape\" style=\"\"><i class=\"typcn typcn-camera-outline grve-text-primary-1\"><\/i><\/div><\/a><\/div>[\/vc_column_inner][\/vc_row_inner][vc_row_inner css=&#8221;.vc_custom_1638314816435{margin-top: 20px !important;margin-bottom: 20px !important;}&#8221;][vc_column_inner width=&#8221;1\/4&#8243;][vc_column_text]<\/p>\n<h6><strong>Namiot biesiadny<\/strong><\/h6>\n<p>[\/vc_column_text][\/vc_column_inner][vc_column_inner width=&#8221;1\/4&#8243;][vc_column_text]Wymiary:\u00a010 x 5 m[\/vc_column_text][\/vc_column_inner][vc_column_inner width=&#8221;1\/4&#8243;][vc_column_text][\/vc_column_text][\/vc_column_inner][vc_column_inner width=&#8221;1\/4&#8243;]<div class=\"grve-element grve-single-icon grve-align-left grve-small\" style=\"\"><a href=\"https:\/\/eventtor.pl\/wp-content\/uploads\/2022\/04\/namiot-biesiadny.jpg\">  <div class=\"grve-wrapper-icon grve-no-shape\" style=\"\"><i class=\"typcn typcn-camera-outline grve-text-primary-1\"><\/i><\/div><\/a><\/div>[\/vc_column_inner][\/vc_row_inner][vc_row_inner css=&#8221;.vc_custom_1638314816435{margin-top: 20px !important;margin-bottom: 20px !important;}&#8221;][vc_column_inner width=&#8221;1\/4&#8243;][vc_column_text]<\/p>\n<h6><strong>Namioty ekspresowe<\/strong><\/h6>\n<p>[\/vc_column_text][\/vc_column_inner][vc_column_inner width=&#8221;1\/4&#8243;][vc_column_text]Wymiary:\u00a06 x 3 m[\/vc_column_text][\/vc_column_inner][vc_column_inner width=&#8221;1\/4&#8243;][vc_column_text][\/vc_column_text][\/vc_column_inner][vc_column_inner width=&#8221;1\/4&#8243;]<div class=\"grve-element grve-single-icon grve-align-left grve-small\" style=\"\"><a href=\"https:\/\/eventtor.pl\/wp-content\/uploads\/2022\/04\/namiot-ekspresowy.jpg\">  <div class=\"grve-wrapper-icon grve-no-shape\" style=\"\"><i class=\"typcn typcn-camera-outline grve-text-primary-1\"><\/i><\/div><\/a><\/div>[\/vc_column_inner][\/vc_row_inner][\/vc_column][\/vc_row][vc_row][vc_column][vc_row_inner css=&#8221;.vc_custom_1638314113064{margin-bottom: 5px !important;border-bottom-width: 1px !important;padding-bottom: 5px !important;border-bottom-color: #c1c1c1 !important;border-bottom-style: solid !important;}&#8221;][vc_column_inner width=&#8221;1\/4&#8243;][vc_column_text]<\/p>\n<h4><b>TRANSPORT<\/b><\/h4>\n<p>[\/vc_column_text][\/vc_column_inner][vc_column_inner width=&#8221;1\/4&#8243;][vc_column_text]<strong>SPECYFIJKACJA<\/strong>[\/vc_column_text][\/vc_column_inner][vc_column_inner width=&#8221;1\/4&#8243;][vc_column_text]<strong>CENA \/ DOBA<\/strong>[\/vc_column_text][\/vc_column_inner][vc_column_inner width=&#8221;1\/4&#8243;][vc_column_text]<strong>ZDJ\u0118CIE<\/strong>[\/vc_column_text][\/vc_column_inner][\/vc_row_inner][vc_row_inner css=&#8221;.vc_custom_1638314816435{margin-top: 20px !important;margin-bottom: 20px !important;}&#8221;][vc_column_inner width=&#8221;1\/4&#8243;][vc_column_text]<\/p>\n<h6><strong>Motor\u00f3wka wodna<\/strong><\/h6>\n<p>[\/vc_column_text][\/vc_column_inner][vc_column_inner width=&#8221;1\/4&#8243;][vc_column_text]Rejsy i sesje zdj\u0119ciowe[\/vc_column_text][\/vc_column_inner][vc_column_inner width=&#8221;1\/4&#8243;][vc_column_text]wyceny indywidualne[\/vc_column_text][\/vc_column_inner][vc_column_inner width=&#8221;1\/4&#8243;]<div class=\"grve-element grve-single-icon grve-align-left grve-small\" style=\"\"><a href=\"https:\/\/eventtor.pl\/wp-content\/uploads\/2022\/04\/motorowka.jpg\">  <div class=\"grve-wrapper-icon grve-no-shape\" style=\"\"><i class=\"typcn typcn-camera-outline grve-text-primary-1\"><\/i><\/div><\/a><\/div>[\/vc_column_inner][\/vc_row_inner][\/vc_column][\/vc_row][vc_row][vc_column][vc_row_inner css=&#8221;.vc_custom_1638314113064{margin-bottom: 5px !important;border-bottom-width: 1px !important;padding-bottom: 5px !important;border-bottom-color: #c1c1c1 !important;border-bottom-style: solid !important;}&#8221;][vc_column_inner width=&#8221;1\/4&#8243;][vc_column_text]<\/p>\n<h4><b>WYPOSA\u017bENIE<\/b><\/h4>\n<p>[\/vc_column_text][\/vc_column_inner][vc_column_inner width=&#8221;1\/2&#8243;][\/vc_column_inner][vc_column_inner width=&#8221;1\/4&#8243;][vc_column_text]<strong>ZDJ\u0118CIE<\/strong>[\/vc_column_text][\/vc_column_inner][\/vc_row_inner][vc_row_inner css=&#8221;.vc_custom_1638313649969{margin-top: 5px !important;margin-bottom: 5px !important;}&#8221;][vc_column_inner width=&#8221;1\/4&#8243;][vc_column_text]Nag\u0142o\u015bnienie[\/vc_column_text][\/vc_column_inner][vc_column_inner width=&#8221;1\/2&#8243;][vc_column_text][\/vc_column_text][\/vc_column_inner][vc_column_inner width=&#8221;1\/4&#8243;]<div class=\"grve-element grve-single-icon grve-align-left grve-small\" style=\"\"><a href=\"https:\/\/eventtor.pl\/wp-content\/uploads\/2022\/04\/girlandy-scaled.jpg\">  <div class=\"grve-wrapper-icon grve-no-shape\" style=\"\"><i class=\"typcn typcn-camera-outline grve-text-primary-1\"><\/i><\/div><\/a><\/div>[\/vc_column_inner][\/vc_row_inner][vc_row_inner css=&#8221;.vc_custom_1638313649969{margin-bottom: 5px !important;margin-bottom: 5px !important;}&#8221;][vc_column_inner width=&#8221;1\/4&#8243;][vc_column_text]Girlandy \u015bwiec\u0105ce[\/vc_column_text][\/vc_column_inner][vc_column_inner width=&#8221;1\/2&#8243;][vc_column_text] [\/vc_column_text][\/vc_column_inner][vc_column_inner width=&#8221;1\/4&#8243;]<div class=\"grve-element grve-single-icon grve-align-left grve-small\" style=\"\"><a href=\"https:\/\/eventtor.pl\/wp-content\/uploads\/2022\/04\/girlandy-scaled.jpg\">  <div class=\"grve-wrapper-icon grve-no-shape\" style=\"\"><i class=\"typcn typcn-camera-outline grve-text-primary-1\"><\/i><\/div><\/a><\/div>[\/vc_column_inner][\/vc_row_inner][vc_row_inner css=&#8221;.vc_custom_1638313649969{margin-top: 5px !important;margin-bottom: 5px !important;}&#8221;][vc_column_inner width=&#8221;1\/4&#8243;][vc_column_text]Girlandy urodzinowe (tr\u00f3jk\u0105ty)[\/vc_column_text][\/vc_column_inner][vc_column_inner width=&#8221;1\/2&#8243;][vc_column_text][\/vc_column_text][\/vc_column_inner][vc_column_inner width=&#8221;1\/4&#8243;]<div class=\"grve-element grve-single-icon grve-align-left grve-small\" style=\"\"><a href=\"https:\/\/eventtor.pl\/wp-content\/uploads\/2022\/07\/girlandy-scaled.jpg\">  <div class=\"grve-wrapper-icon grve-no-shape\" style=\"\"><i class=\"typcn typcn-camera-outline grve-text-primary-1\"><\/i><\/div><\/a><\/div>[\/vc_column_inner][\/vc_row_inner][vc_row_inner css=&#8221;.vc_custom_1638313649969{margin-bottom: 5px !important;margin-bottom: 5px !important;}&#8221;][vc_column_inner width=&#8221;1\/4&#8243;][vc_column_text]St\u00f3\u0142 i \u0142awy biesiadne[\/vc_column_text][\/vc_column_inner][vc_column_inner width=&#8221;1\/2&#8243;][vc_column_text][\/vc_column_text][\/vc_column_inner][vc_column_inner width=&#8221;1\/4&#8243;]<div class=\"grve-element grve-single-icon grve-align-left grve-small\" style=\"\"><a href=\"https:\/\/eventtor.pl\/wp-content\/uploads\/2022\/04\/kpl-biesiadny.jpg\">  <div class=\"grve-wrapper-icon grve-no-shape\" style=\"\"><i class=\"typcn typcn-camera-outline grve-text-primary-1\"><\/i><\/div><\/a><\/div>[\/vc_column_inner][\/vc_row_inner][vc_row_inner css=&#8221;.vc_custom_1638313649969{margin-top: 5px !important;margin-bottom: 5px !important;}&#8221;][vc_column_inner width=&#8221;1\/4&#8243;][vc_column_text]Krzes\u0142o sk\u0142adane[\/vc_column_text][\/vc_column_inner][vc_column_inner width=&#8221;1\/2&#8243;][vc_column_text][\/vc_column_text][\/vc_column_inner][vc_column_inner width=&#8221;1\/4&#8243;]<div class=\"grve-element grve-single-icon grve-align-left grve-small\" style=\"\"><a href=\"https:\/\/eventtor.pl\/wp-content\/uploads\/2022\/04\/krzeslo-skladane.jpg\">  <div class=\"grve-wrapper-icon grve-no-shape\" style=\"\"><i class=\"typcn typcn-camera-outline grve-text-primary-1\"><\/i><\/div><\/a><\/div>[\/vc_column_inner][\/vc_row_inner][vc_row_inner css=&#8221;.vc_custom_1638313649969{margin-top: 5px !important;margin-bottom: 5px !important;}&#8221;][vc_column_inner width=&#8221;1\/4&#8243;][vc_column_text]Le\u017cak sk\u0142adany[\/vc_column_text][\/vc_column_inner][vc_column_inner width=&#8221;1\/2&#8243;][vc_column_text][\/vc_column_text][\/vc_column_inner][vc_column_inner width=&#8221;1\/4&#8243;]<div class=\"grve-element grve-single-icon grve-align-left grve-small\" style=\"\"><a href=\"https:\/\/eventtor.pl\/wp-content\/uploads\/2022\/04\/lezak.jpg\">  <div class=\"grve-wrapper-icon grve-no-shape\" style=\"\"><i class=\"typcn typcn-camera-outline grve-text-primary-1\"><\/i><\/div><\/a><\/div>[\/vc_column_inner][\/vc_row_inner][vc_row_inner css=&#8221;.vc_custom_1638313649969{margin-top: 5px !important;margin-bottom: 5px !important;}&#8221;][vc_column_inner width=&#8221;1\/4&#8243;][vc_column_text]Meble z palet[\/vc_column_text][\/vc_column_inner][vc_column_inner width=&#8221;1\/2&#8243;][vc_column_text][\/vc_column_text][\/vc_column_inner][vc_column_inner width=&#8221;1\/4&#8243;]<div class=\"grve-element grve-single-icon grve-align-left grve-small\" style=\"\"><a href=\"https:\/\/eventtor.pl\/wp-content\/uploads\/2022\/04\/XDBS3309.jpg\">  <div class=\"grve-wrapper-icon grve-no-shape\" style=\"\"><i class=\"typcn typcn-camera-outline grve-text-primary-1\"><\/i><\/div><\/a><\/div>[\/vc_column_inner][\/vc_row_inner][vc_row_inner css=&#8221;.vc_custom_1638313649969{margin-top: 5px !important;margin-bottom: 5px !important;}&#8221;][vc_column_inner width=&#8221;1\/4&#8243;][vc_column_text]Najazd kablowy[\/vc_column_text][\/vc_column_inner][vc_column_inner width=&#8221;1\/2&#8243;][vc_column_text][\/vc_column_text][\/vc_column_inner][vc_column_inner width=&#8221;1\/4&#8243;]<div class=\"grve-element grve-single-icon grve-align-left grve-small\" style=\"\"><a href=\"https:\/\/eventtor.pl\/wp-content\/uploads\/2022\/04\/najazdy-kablowe.jpg\">  <div class=\"grve-wrapper-icon grve-no-shape\" style=\"\"><i class=\"typcn typcn-camera-outline grve-text-primary-1\"><\/i><\/div><\/a><\/div>[\/vc_column_inner][\/vc_row_inner][vc_row_inner css=&#8221;.vc_custom_1638313649969{margin-top: 5px !important;margin-bottom: 5px !important;}&#8221;][vc_column_inner width=&#8221;1\/4&#8243;][vc_column_text]Parasol grzewczy[\/vc_column_text][\/vc_column_inner][vc_column_inner width=&#8221;1\/2&#8243;][vc_column_text][\/vc_column_text][\/vc_column_inner][vc_column_inner width=&#8221;1\/4&#8243;]<div class=\"grve-element grve-single-icon grve-align-left grve-small\" style=\"\"><a href=\"https:\/\/eventtor.pl\/wp-content\/uploads\/2022\/04\/parasol-grzewczy.jpg\">  <div class=\"grve-wrapper-icon grve-no-shape\" style=\"\"><i class=\"typcn typcn-camera-outline grve-text-primary-1\"><\/i><\/div><\/a><\/div>[\/vc_column_inner][\/vc_row_inner][vc_row_inner css=&#8221;.vc_custom_1638313649969{margin-top: 5px !important;margin-bottom: 5px !important;}&#8221;][vc_column_inner width=&#8221;1\/4&#8243;][vc_column_text]Rolbar[\/vc_column_text][\/vc_column_inner][vc_column_inner width=&#8221;1\/2&#8243;][vc_column_text][\/vc_column_text][\/vc_column_inner][vc_column_inner width=&#8221;1\/4&#8243;]<div class=\"grve-element grve-single-icon grve-align-left grve-small\" style=\"\"><a href=\"https:\/\/eventtor.pl\/wp-content\/uploads\/2022\/04\/girlandy-scaled.jpg\">  <div class=\"grve-wrapper-icon grve-no-shape\" style=\"\"><i class=\"typcn typcn-camera-outline grve-text-primary-1\"><\/i><\/div><\/a><\/div>[\/vc_column_inner][\/vc_row_inner][vc_row_inner css=&#8221;.vc_custom_1638313649969{margin-top: 5px !important;margin-bottom: 5px !important;}&#8221;][vc_column_inner width=&#8221;1\/4&#8243;][vc_column_text]Kostkarka do kostek lodu[\/vc_column_text][\/vc_column_inner][vc_column_inner width=&#8221;1\/2&#8243;][vc_column_text][\/vc_column_text][\/vc_column_inner][vc_column_inner width=&#8221;1\/4&#8243;]<div class=\"grve-element grve-single-icon grve-align-left grve-small\" style=\"\"><a href=\"https:\/\/eventtor.pl\/wp-content\/uploads\/2022\/04\/girlandy-scaled.jpg\">  <div class=\"grve-wrapper-icon grve-no-shape\" style=\"\"><i class=\"typcn typcn-camera-outline grve-text-primary-1\"><\/i><\/div><\/a><\/div>[\/vc_column_inner][\/vc_row_inner][vc_row_inner css=&#8221;.vc_custom_1638313649969{margin-bottom: 5px !important;margin-bottom: 5px !important;}&#8221;][vc_column_inner width=&#8221;1\/4&#8243;][vc_column_text]St\u00f3\u0142 koktajlowy[\/vc_column_text][\/vc_column_inner][vc_column_inner width=&#8221;1\/2&#8243;][vc_column_text][\/vc_column_text][\/vc_column_inner][vc_column_inner width=&#8221;1\/4&#8243;]<div class=\"grve-element grve-single-icon grve-align-left grve-small\" style=\"\"><a href=\"https:\/\/eventtor.pl\/wp-content\/uploads\/2022\/04\/stol-koktajlowy.jpg\">  <div class=\"grve-wrapper-icon grve-no-shape\" style=\"\"><i class=\"typcn typcn-camera-outline grve-text-primary-1\"><\/i><\/div><\/a><\/div>[\/vc_column_inner][\/vc_row_inner][vc_row_inner css=&#8221;.vc_custom_1638313649969{margin-top: 5px !important;margin-bottom: 5px !important;}&#8221;][vc_column_inner width=&#8221;1\/4&#8243;][vc_column_text]Sztaluga[\/vc_column_text][\/vc_column_inner][vc_column_inner width=&#8221;1\/2&#8243;][vc_column_text][\/vc_column_text][\/vc_column_inner][vc_column_inner width=&#8221;1\/4&#8243;]<div class=\"grve-element grve-single-icon grve-align-left grve-small\" style=\"\"><a href=\"https:\/\/eventtor.pl\/wp-content\/uploads\/2022\/04\/sztaluga.jpg\">  <div class=\"grve-wrapper-icon grve-no-shape\" style=\"\"><i class=\"typcn typcn-camera-outline grve-text-primary-1\"><\/i><\/div><\/a><\/div>[\/vc_column_inner][\/vc_row_inner][\/vc_column][\/vc_row][vc_row][vc_column][vc_column_text]<\/p>\n<hr \/>\n<p style=\"text-align: center;\">Wyceny indywidualne!<\/p>\n<p>[\/vc_column_text][\/vc_column][\/vc_row]<\/p>\n","protected":false},"excerpt":{"rendered":"<p>[vc_row][vc_column][vc_row_inner css=&#8221;.vc_custom_1638314113064{margin-bottom: 5px !important;border-bottom-width: 1px !important;padding-bottom: 5px !important;border-bottom-color: #c1c1c1 !important;border-bottom-style: solid !important;}&#8221;][vc_column_inner width=&#8221;1\/4&#8243;][vc_column_text] NAMIOTY [\/vc_column_text][\/vc_column_inner][vc_column_inner width=&#8221;1\/4&#8243;][vc_column_text]SPECYFIKACJA[\/vc_column_text][\/vc_column_inner][vc_column_inner width=&#8221;1\/4&#8243;][\/vc_column_inner][vc_column_inner width=&#8221;1\/4&#8243;][vc_column_text]ZDJ\u0118CIE[\/vc_column_text][\/vc_column_inner][\/vc_row_inner][vc_row_inner css=&#8221;.vc_custom_1638314816435{margin-top: 20px !important;margin-bottom: 20px !important;}&#8221;][vc_column_inner width=&#8221;1\/4&#8243;][vc_column_text] Namiot typu gwiazda [\/vc_column_text][\/vc_column_inner][vc_column_inner width=&#8221;1\/4&#8243;][vc_column_text]Wymiary:\u00a010 x 14 m[\/vc_column_text][\/vc_column_inner][vc_column_inner width=&#8221;1\/4&#8243;][vc_column_text][\/vc_column_text][\/vc_column_inner][vc_column_inner width=&#8221;1\/4&#8243;][\/vc_column_inner][\/vc_row_inner][vc_row_inner css=&#8221;.vc_custom_1638314816435{margin-top: 20px !important;margin-bottom: 20px !important;}&#8221;][vc_column_inner width=&#8221;1\/4&#8243;][vc_column_text] Namiot biesiadny [\/vc_column_text][\/vc_column_inner][vc_column_inner width=&#8221;1\/4&#8243;][vc_column_text]Wymiary:\u00a010 x 5 m[\/vc_column_text][\/vc_column_inner][vc_column_inner width=&#8221;1\/4&#8243;][vc_column_text][\/vc_column_text][\/vc_column_inner][vc_column_inner width=&#8221;1\/4&#8243;][\/vc_column_inner][\/vc_row_inner][vc_row_inner css=&#8221;.vc_custom_1638314816435{margin-top: 20px !important;margin-bottom: 20px !important;}&#8221;][vc_column_inner width=&#8221;1\/4&#8243;][vc_column_text] [&hellip;]<\/p>\n","protected":false},"author":1,"featured_media":0,"parent":0,"menu_order":0,"comment_status":"closed","ping_status":"closed","template":"","meta":[],"_links":{"self":[{"href":"https:\/\/eventtor.pl\/index.php\/wp-json\/wp\/v2\/pages\/783"}],"collection":[{"href":"https:\/\/eventtor.pl\/index.php\/wp-json\/wp\/v2\/pages"}],"about":[{"href":"https:\/\/eventtor.pl\/index.php\/wp-json\/wp\/v2\/types\/page"}],"author":[{"embeddable":true,"href":"https:\/\/eventtor.pl\/index.php\/wp-json\/wp\/v2\/users\/1"}],"replies":[{"embeddable":true,"href":"https:\/\/eventtor.pl\/index.php\/wp-json\/wp\/v2\/comments?post=783"}],"version-history":[{"count":109,"href":"https:\/\/eventtor.pl\/index.php\/wp-json\/wp\/v2\/pages\/783\/revisions"}],"predecessor-version":[{"id":1467,"href":"https:\/\/eventtor.pl\/index.php\/wp-json\/wp\/v2\/pages\/783\/revisions\/1467"}],"wp:attachment":[{"href":"https:\/\/eventtor.pl\/index.php\/wp-json\/wp\/v2\/media?parent=783"}],"curies":[{"name":"wp","href":"https:\/\/api.w.org\/{rel}","templated":true}]}}