{"id":659,"date":"2017-10-13T06:36:07","date_gmt":"2017-10-13T06:36:07","guid":{"rendered":"http:\/\/dev.eventtor.pl\/index.php\/home\/"},"modified":"2022-04-19T19:21:54","modified_gmt":"2022-04-19T17:21:54","slug":"home","status":"publish","type":"page","link":"https:\/\/eventtor.pl\/","title":{"rendered":"Strona g\u0142\u00f3wna"},"content":{"rendered":"<p>[vc_row heading_color=&#8221;light&#8221; bg_type=&#8221;color&#8221; padding_top_multiplier=&#8221;6x&#8221; padding_bottom_multiplier=&#8221;6x&#8221; columns_gap=&#8221;40&#8243; bg_color=&#8221;#000000&#8243; font_color=&#8221;#ffffff&#8221; section_id=&#8221;onas&#8221;][vc_column][vc_row_inner][vc_column_inner width=&#8221;1\/2&#8243;]<h3 class=\"grve-element grve-title grve-align-left grve-animated-item grve-duration-normal grve-fade-in-left grve-h3\" style=\"\" data-delay=\"200\"><span>Mamy wszystko by zbudowa\u0107 niezapomniane chwile.<\/span><\/h3><div class=\"grve-empty-space grve-height-1x\" style=\"\"><\/div>[vc_column_text]<\/p>\n<div>\n<p>Jeste\u015bmy rodzinn\u0105 firm\u0105 kt\u00f3ra stale si\u0119 rozwija d\u0105\u017c\u0105c do tego by ka\u017cda nasza realizacja by\u0142a wyj\u0105tkowym i niezapomnianym wydarzeniem. Dzi\u0119ki do\u015bwiadczeniu jaki zdobyli\u015bmy podczas realizacji wielu imprez mo\u017cemy zagwarantowa\u0107 wysokiej jako\u015bci obs\u0142ug\u0119 oraz fachowe doractwo. Lista produkt\u00f3w jakich dysponujemy dla Pa\u0144stwa stale si\u0119 powi\u0119ksza i jest odpowiedzi\u0105 na co chwil\u0119 zmieniaj\u0105ce si\u0119 potrzeby i trendy.<\/p><\/div>\n<p>[\/vc_column_text][\/vc_column_inner][vc_column_inner width=&#8221;1\/2&#8243;]<div class=\"grve-element grve-image grve-animated-item grve-duration-normal grve-fade-in-right grve-align-center\" style=\"\" data-delay=\"200\">  <div class=\"grve-image-wrapper\"><img width=\"1280\" height=\"853\" src=\"https:\/\/eventtor.pl\/wp-content\/uploads\/2021\/11\/luxury-sun-beds-in-the-evening-lights-2021-08-27-09-37-29-utc.jpg\" class=\"attachment-full size-full\" alt=\"\" loading=\"lazy\" srcset=\"https:\/\/eventtor.pl\/wp-content\/uploads\/2021\/11\/luxury-sun-beds-in-the-evening-lights-2021-08-27-09-37-29-utc.jpg 1280w, https:\/\/eventtor.pl\/wp-content\/uploads\/2021\/11\/luxury-sun-beds-in-the-evening-lights-2021-08-27-09-37-29-utc-300x200.jpg 300w, https:\/\/eventtor.pl\/wp-content\/uploads\/2021\/11\/luxury-sun-beds-in-the-evening-lights-2021-08-27-09-37-29-utc-1024x682.jpg 1024w, https:\/\/eventtor.pl\/wp-content\/uploads\/2021\/11\/luxury-sun-beds-in-the-evening-lights-2021-08-27-09-37-29-utc-768x512.jpg 768w\" sizes=\"(max-width: 1280px) 100vw, 1280px\" \/>   <\/div><\/div>[\/vc_column_inner][\/vc_row_inner]<div class=\"grve-empty-space grve-height-1x\" style=\"\"><\/div>[\/vc_column][\/vc_row][vc_row padding_top_multiplier=&#8221;6x&#8221; padding_bottom_multiplier=&#8221;6x&#8221; columns_gap=&#8221;60&#8243;][vc_column width=&#8221;1\/3&#8243;]<div class=\"grve-element grve-box-icon grve-large grve-top-icon grve-align-center\" style=\"\"><div class=\"grve-wrapper-icon grve-no-shape\" style=\"\"><i class=\"grve-text-primary-2 smp-icon-bubbles\"><\/i><\/div><div class=\"grve-box-content\"><div class=\"grve-box-title-wrapper\"><h3 class=\"grve-box-title grve-h6\">Komunikacja<\/h3><\/div>  <p class=\"\">Podpowiadamy, doradzimy, dzielimy si\u0119 swoim do\u015bwiadczeniem.<\/p><\/div><\/div>[\/vc_column][vc_column width=&#8221;1\/3&#8243;]<div class=\"grve-element grve-box-icon grve-large grve-top-icon grve-align-center\" style=\"\"><div class=\"grve-wrapper-icon grve-no-shape\" style=\"\"><i class=\"grve-text-primary-2 smp-icon-rocket\"><\/i><\/div><div class=\"grve-box-content\"><div class=\"grve-box-title-wrapper\"><h3 class=\"grve-box-title grve-h6\">Szybko\u015b\u0107<\/h3><\/div>  <p class=\"\">Ekspresowa realizacja zda\u0144 to nasz specjalno\u015b\u0107.<\/p><\/div><\/div>[\/vc_column][vc_column width=&#8221;1\/3&#8243;]<div class=\"grve-element grve-box-icon grve-large grve-top-icon grve-align-center\" style=\"\"><div class=\"grve-wrapper-icon grve-no-shape\" style=\"\"><i class=\"grve-text-primary-2 smp-icon-settings\"><\/i><\/div><div class=\"grve-box-content\"><div class=\"grve-box-title-wrapper\"><h3 class=\"grve-box-title grve-h6\">Organizacja<\/h3><\/div>  <p class=\"\">Dobra organizacja pracy to nasz priorytet. <\/p><\/div><\/div>[\/vc_column][\/vc_row][vc_row heading_color=&#8221;light&#8221; section_type=&#8221;fullwidth&#8221; bg_type=&#8221;color&#8221; padding_top_multiplier=&#8221;&#8221; padding_bottom_multiplier=&#8221;&#8221; columns_gap=&#8221;none&#8221; equal_column_height=&#8221;equal-column&#8221; font_color=&#8221;#ffffff&#8221; bg_color=&#8221;#000000&#8243; section_id=&#8221;oferta&#8221;][vc_column width=&#8221;1\/2&#8243; tablet_width=&#8221;2-3&#8243; tablet_sm_width=&#8221;1&#8243; css=&#8221;.vc_custom_1509092308439{padding-top: 14% !important;padding-right: 14% !important;padding-bottom: 14% !important;padding-left: 14% !important;}&#8221;][vc_row_inner][vc_column_inner css=&#8221;.vc_custom_1507881094400{padding-right: 15px !important;padding-left: 15px !important;}&#8221;][vc_custom_heading text=&#8221;OFERTA&#8221; font_container=&#8221;tag:h3|text_align:left&#8221; use_theme_fonts=&#8221;yes&#8221;][vc_column_text]Nasz asortyment powi\u0119ksza si\u0119 ca\u0142y czas, dlatego zapraszamy do zapoznania si\u0119 z stale aktualizowan\u0105 list\u0105 sprz\u0119tu jaki jeste\u015bmy w stanie Pa\u0144stwu zaoferowa\u0107.[\/vc_column_text][\/vc_column_inner][\/vc_row_inner]<div class=\"grve-empty-space grve-height-1x\" style=\"\"><\/div><div class=\"grve-element grve-align-center\"><a href=\"https:\/\/eventtor.pl\/index.php\/katalog\/\" title=\"Katalog\" class=\"grve-btn grve-btn-large grve-round grve-bg-primary-2 grve-bg-hover-black\"><span><i class=\"smp-icon-list\"><\/i>Aktualny katalog dost\u0119pnych produkt\u00f3w<\/span><\/a><\/div>[\/vc_column][vc_column width=&#8221;1\/2&#8243; tablet_width=&#8221;1-3&#8243; tablet_sm_width=&#8221;hide&#8221; mobile_width=&#8221;hide&#8221; css=&#8221;.vc_custom_1637016532809{padding-bottom: 30% !important;background-image: url(http:\/\/dev.eventtor.pl\/wp-content\/uploads\/2021\/11\/friends-having-party-in-the-garden-2021-10-05-01-02-05-utc.jpg?id=763) !important;background-position: center !important;background-repeat: no-repeat !important;background-size: cover !important;}&#8221;][\/vc_column][\/vc_row][vc_row heading_color=&#8221;light&#8221; section_type=&#8221;fullwidth&#8221; bg_type=&#8221;color&#8221; padding_top_multiplier=&#8221;&#8221; padding_bottom_multiplier=&#8221;&#8221; columns_gap=&#8221;none&#8221; equal_column_height=&#8221;equal-column&#8221; font_color=&#8221;#ffffff&#8221; section_id=&#8221;kontakt&#8221;][vc_column width=&#8221;1\/2&#8243; tablet_width=&#8221;1-3&#8243; tablet_sm_width=&#8221;1&#8243; css=&#8221;.vc_custom_1637016626061{padding-bottom: 30% !important;background-image: url(http:\/\/dev.eventtor.pl\/wp-content\/uploads\/2021\/11\/dinner-party-2021-08-29-01-19-11-utc.jpg?id=765) !important;background-position: center !important;background-repeat: no-repeat !important;background-size: cover !important;}&#8221;][\/vc_column][vc_column width=&#8221;1\/2&#8243; tablet_width=&#8221;2-3&#8243; tablet_sm_width=&#8221;1&#8243; heading_color=&#8221;dark&#8221; css=&#8221;.vc_custom_1635268396300{padding-top: 14% !important;padding-right: 14% !important;padding-bottom: 14% !important;padding-left: 14% !important;}&#8221;]<h3 class=\"grve-element grve-title grve-align-left grve-h3\" style=\"margin-bottom: 0px;\"><span>Masz pytania?<\/span><\/h3><div class=\"grve-empty-space grve-height-1x\" style=\"\"><\/div><div class=\"grve-element grve-box-icon grve-medium grve-side-icon grve-align-left\" style=\"\"><a href=\"tel:+4850141781\"><div class=\"grve-wrapper-icon grve-no-shape\" style=\"\"><i class=\"grve-text-primary-1 fas fa-phone-alt\"><\/i><\/div><div class=\"grve-box-content\"><div class=\"grve-box-title-wrapper\"><h4 class=\"grve-box-title grve-h4\">501 411 781<\/h4><\/div><\/div><\/a><\/div><div class=\"grve-empty-space grve-height-1x\" style=\"\"><\/div><div class=\"grve-element grve-box-icon grve-medium grve-side-icon grve-align-left\" style=\"\"><a href=\"mailto:kontakt@eventtor.pl\"><div class=\"grve-wrapper-icon grve-no-shape\" style=\"\"><i class=\"grve-text-primary-1 fas fa-envelope\"><\/i><\/div><div class=\"grve-box-content\"><div class=\"grve-box-title-wrapper\"><h4 class=\"grve-box-title grve-h4\">kontakt@eventtor.pl<\/h4><\/div><\/div><\/a><\/div><div class=\"grve-empty-space grve-height-2x\" style=\"\"><\/div><h5 class=\"grve-element grve-title grve-align-left grve-h6\" style=\"margin-bottom: 0px;\"><span>Zadzwo\u0144 do nas lub wy\u015blij wiadomo\u015b\u0107.<\/span><\/h5><div class=\"grve-empty-space grve-height-1x\" style=\"\"><\/div>[vc_row_inner css=&#8221;.vc_custom_1649270337613{border-top-width: 1px !important;border-right-width: 1px !important;border-bottom-width: 1px !important;border-left-width: 1px !important;padding-top: 10px !important;padding-right: 10px !important;padding-bottom: 10px !important;padding-left: 10px !important;border-left-color: #bababa !important;border-left-style: solid !important;border-right-color: #bababa !important;border-right-style: solid !important;border-top-color: #bababa !important;border-top-style: solid !important;border-bottom-color: #bababa !important;border-bottom-style: solid !important;}&#8221;][vc_column_inner]<div role=\"form\" class=\"wpcf7\" id=\"wpcf7-f111-o1\" lang=\"en-US\" dir=\"ltr\">\n<div class=\"screen-reader-response\"><p role=\"status\" aria-live=\"polite\" aria-atomic=\"true\"><\/p> <ul><\/ul><\/div>\n<form action=\"\/index.php\/wp-json\/wp\/v2\/pages\/659#wpcf7-f111-o1\" method=\"post\" class=\"wpcf7-form init\" novalidate=\"novalidate\" data-status=\"init\">\n<div style=\"display: none;\">\n<input type=\"hidden\" name=\"_wpcf7\" value=\"111\" \/>\n<input type=\"hidden\" name=\"_wpcf7_version\" value=\"5.5.6\" \/>\n<input type=\"hidden\" name=\"_wpcf7_locale\" value=\"en_US\" \/>\n<input type=\"hidden\" name=\"_wpcf7_unit_tag\" value=\"wpcf7-f111-o1\" \/>\n<input type=\"hidden\" name=\"_wpcf7_container_post\" value=\"0\" \/>\n<input type=\"hidden\" name=\"_wpcf7_posted_data_hash\" value=\"\" \/>\n<input type=\"hidden\" name=\"_wpcf7_recaptcha_response\" value=\"\" \/>\n<\/div>\n<div class=\"grve-form grve-underline\">\n<div class=\"grve-fields-wrapper\">\n<div><span class=\"wpcf7-form-control-wrap your-name\"><input type=\"text\" name=\"your-name\" value=\"\" size=\"40\" class=\"wpcf7-form-control wpcf7-text wpcf7-validates-as-required\" aria-required=\"true\" aria-invalid=\"false\" placeholder=\"Imi\u0119 i nazwisko (wymagane)\" \/><\/span><\/div>\n<div><span class=\"wpcf7-form-control-wrap your-email\"><input type=\"email\" name=\"your-email\" value=\"\" size=\"40\" class=\"wpcf7-form-control wpcf7-text wpcf7-email wpcf7-validates-as-required wpcf7-validates-as-email\" aria-required=\"true\" aria-invalid=\"false\" placeholder=\"Tw\u00f3j e-mail (wymagane)\" \/><\/span><\/div>\n<div><span class=\"wpcf7-form-control-wrap your-subject\"><input type=\"text\" name=\"your-subject\" value=\"\" size=\"40\" class=\"wpcf7-form-control wpcf7-text\" aria-invalid=\"false\" placeholder=\"Temat\" \/><\/span><\/div>\n<div><span class=\"wpcf7-form-control-wrap your-message\"><textarea name=\"your-message\" cols=\"40\" rows=\"10\" class=\"wpcf7-form-control wpcf7-textarea\" aria-invalid=\"false\" placeholder=\"Twoja wiadomo\u015b\u0107\"><\/textarea><\/span><\/div>\n<div><span class=\"wpcf7-form-control-wrap acceptance-739\"><span class=\"wpcf7-form-control wpcf7-acceptance\"><span class=\"wpcf7-list-item\"><label><input type=\"checkbox\" name=\"acceptance-739\" value=\"1\" aria-invalid=\"false\" \/><span class=\"wpcf7-list-item-label\"><p>Wyra\u017cam zgod\u0119 na przetwarzanie moich danych osobowych podanych w powy\u017cszym formularzu w celu nawi\u0105zania kontaktu przez firm\u0119 Eventtor oraz przez podmioty trzecie.<\/p>\n<p><\/span><\/label><\/span><\/span><\/span><\/p><\/div>\n<p><\/br><\/p>\n<div><input type=\"submit\" value=\"Wy\u015blij wiadomo\u015b\u0107\" class=\"wpcf7-form-control has-spinner wpcf7-submit\" \/><\/div>\n<\/div>\n<\/div>\n<div class=\"wpcf7-response-output\" aria-hidden=\"true\"><\/div><\/form><\/div>[\/vc_column_inner][\/vc_row_inner][\/vc_column][\/vc_row]<\/p>\n","protected":false},"excerpt":{"rendered":"<p>[vc_row heading_color=&#8221;light&#8221; bg_type=&#8221;color&#8221; padding_top_multiplier=&#8221;6x&#8221; padding_bottom_multiplier=&#8221;6x&#8221; columns_gap=&#8221;40&#8243; bg_color=&#8221;#000000&#8243; font_color=&#8221;#ffffff&#8221; section_id=&#8221;onas&#8221;][vc_column][vc_row_inner][vc_column_inner width=&#8221;1\/2&#8243;][vc_column_text] Jeste\u015bmy rodzinn\u0105 firm\u0105 kt\u00f3ra stale si\u0119 rozwija d\u0105\u017c\u0105c do tego by ka\u017cda nasza realizacja by\u0142a wyj\u0105tkowym i niezapomnianym wydarzeniem. Dzi\u0119ki do\u015bwiadczeniu jaki zdobyli\u015bmy podczas realizacji wielu imprez mo\u017cemy zagwarantowa\u0107 wysokiej jako\u015bci obs\u0142ug\u0119 oraz fachowe doractwo. Lista produkt\u00f3w jakich dysponujemy dla Pa\u0144stwa stale si\u0119 powi\u0119ksza i [&hellip;]<\/p>\n","protected":false},"author":1,"featured_media":0,"parent":0,"menu_order":0,"comment_status":"closed","ping_status":"closed","template":"","meta":[],"_links":{"self":[{"href":"https:\/\/eventtor.pl\/index.php\/wp-json\/wp\/v2\/pages\/659"}],"collection":[{"href":"https:\/\/eventtor.pl\/index.php\/wp-json\/wp\/v2\/pages"}],"about":[{"href":"https:\/\/eventtor.pl\/index.php\/wp-json\/wp\/v2\/types\/page"}],"author":[{"embeddable":true,"href":"https:\/\/eventtor.pl\/index.php\/wp-json\/wp\/v2\/users\/1"}],"replies":[{"embeddable":true,"href":"https:\/\/eventtor.pl\/index.php\/wp-json\/wp\/v2\/comments?post=659"}],"version-history":[{"count":102,"href":"https:\/\/eventtor.pl\/index.php\/wp-json\/wp\/v2\/pages\/659\/revisions"}],"predecessor-version":[{"id":900,"href":"https:\/\/eventtor.pl\/index.php\/wp-json\/wp\/v2\/pages\/659\/revisions\/900"}],"wp:attachment":[{"href":"https:\/\/eventtor.pl\/index.php\/wp-json\/wp\/v2\/media?parent=659"}],"curies":[{"name":"wp","href":"https:\/\/api.w.org\/{rel}","templated":true}]}}